{"id":3409,"date":"2019-03-13T18:29:47","date_gmt":"2019-03-13T17:29:47","guid":{"rendered":"https:\/\/www.camping-europe-murol.com\/datenschutzerklarung\/"},"modified":"2019-11-13T10:14:00","modified_gmt":"2019-11-13T09:14:00","slug":"datenschutzerklarung","status":"publish","type":"page","link":"https:\/\/www.camping-europe-murol.com\/de\/datenschutzerklarung\/","title":{"rendered":"Datenschutzerkl\u00e4rung"},"content":{"rendered":"<h2>Wer wir sind ?<\/h2>\n<p>Die Adresse unserer Website lautet: http:\/\/www.camping-europe-murol.com.<\/p>\n<h2>Verwendung der gesammelten personenbezogenen Daten<\/h2>\n<h3>Kommentare<\/h3>\n<p>Wenn Sie einen Kommentar auf unserer Website hinterlassen, werden die im Kommentarformular eingegebenen Daten, aber auch Ihre IP-Adresse und der User Agent Ihres Browsers erfasst, um uns zu helfen, unerw\u00fcnschte Kommentare zu erkennen.<\/p>\n<p>Eine anonyme Zeichenkette, die aus Ihrer E-Mail-Adresse erstellt wurde (auch Hash genannt), kann an den Gravatar-Dienst gesendet werden, um zu \u00fcberpr\u00fcfen, ob Sie sie verwenden. Die Datenschutzerkl\u00e4rung des Gravatar-Service finden Sie hier: https:\/\/automattic.com\/privacy\/. Nach der \u00dcberpr\u00fcfung Ihres Kommentars wird Ihr Profilfoto neben Ihrem Kommentar \u00f6ffentlich sichtbar sein.<\/p>\n<h3>Media<\/h3>\n<p>Wenn Sie ein registrierter Benutzer sind und Bilder auf die Website hochladen, empfehlen wir Ihnen, keine Bilder mit EXIF-GPS-Koordinatendaten hochzuladen. Besucher Ihrer Website k\u00f6nnen Standortdaten aus diesen Bildern herunterladen und extrahieren.<\/p>\n<h3>&gt;Kontaktformulare<\/h3>\n<h3>Cookies<\/h3>\n<p>Wenn Sie einen Kommentar auf unserer Website hinterlassen, werden Sie gebeten, Ihren Namen, Ihre E-Mail-Adresse und Ihre Website in Cookies zu speichern. Dies dient nur Ihrer Bequemlichkeit, so dass Sie diese Informationen nicht eingeben m\u00fcssen, wenn Sie sp\u00e4ter einen weiteren Kommentar abgeben. Diese Cookies verfallen nach einem Jahr.<\/p>\n<p>in tempor\u00e4rer Cookie erstellt, um festzustellen, ob Ihr Browser Cookies akzeptiert. Sie enthalten keine personenbezogenen Daten und werden beim Schlie\u00dfen Ihres Browsers automatisch gel\u00f6scht.<\/p>\n<p>Wenn Sie sich anmelden, richten wir eine Reihe von Cookies ein, um Ihre Zugangsdaten und Bildschirmeinstellungen zu speichern. Die Lebensdauer eines Login-Cookies betr\u00e4gt zwei Tage, die eines Screen-Option-Cookies ein Jahr. Wenn Sie &#8222;Remember me&#8220; ankreuzen, wird Ihr Login-Cookie f\u00fcr zwei Wochen gespeichert. Wenn Sie sich von Ihrem Konto abmelden, wird das Anmelde-Cookie gel\u00f6scht.<\/p>\n<p>Durch die \u00c4nderung oder Ver\u00f6ffentlichung einer Ver\u00f6ffentlichung wird ein zus\u00e4tzliches Cookie in Ihrem Browser gespeichert. Dieses Cookie enth\u00e4lt keine personenbezogenen Daten. Es zeigt lediglich die ID der Publikation an, die Sie gerade ge\u00e4ndert haben. Sie verf\u00e4llt nach einem Tag.<\/p>\n<h3>Inhalt, der von anderen Websites eingebettet ist<\/h3>\n<p>Die Artikel auf dieser Website k\u00f6nnen eingebettete Inhalte enthalten (z. B. Videos, Bilder, Artikel&#8230;.). Inhalte, die von anderen Websites integriert werden, verhalten sich genauso, als ob der Besucher diese andere Website besuchen w\u00fcrde.<\/p>\n<p>Diese Websites k\u00f6nnen Daten \u00fcber Sie sammeln, Cookies verwenden, Tracking-Tools von Drittanbietern einbetten, Ihre Interaktionen mit diesen eingebetteten Inhalten verfolgen, wenn Sie ein Konto mit deren Website verbunden haben.<\/p>\n<h3>Statistik und Publikumsmessung<\/h3>\n<h2>Nutzung und \u00dcbermittlung Ihrer personenbezogenen Daten<\/h2>\n<h2>Dauer Ihrer Datenspeicherung<\/h2>\n<p>Wenn Sie einen Kommentar abgeben, werden der Kommentar und seine Metadaten auf unbestimmte Zeit gespeichert. Dies erm\u00f6glicht es uns, die folgenden Kommentare automatisch zu erkennen und zu genehmigen, anstatt sie in der Moderationswarteschlange zu belassen.<\/p>\n<p>F\u00fcr Benutzer, die sich auf unserer Website registrieren (wenn m\u00f6glich), speichern wir auch die in ihrem Profil angegebenen personenbezogenen Daten. Alle Nutzer k\u00f6nnen ihre personenbezogenen Daten jederzeit einsehen, \u00e4ndern oder l\u00f6schen (mit Ausnahme ihres Benutzernamen-Eises). Site-Manager k\u00f6nnen diese Informationen auch einsehen und \u00e4ndern.<\/p>\n<h2>Die Rechte, die Sie an Ihren Daten haben<\/h2>\n<p>Wenn Sie ein Konto haben oder Kommentare auf der Website hinterlassen haben, k\u00f6nnen Sie eine Datei mit allen personenbezogenen Daten, die wir \u00fcber Sie haben, anfordern, einschlie\u00dflich derjenigen, die Sie uns zur Verf\u00fcgung gestellt haben. Sie k\u00f6nnen auch die L\u00f6schung Ihrer personenbezogenen Daten verlangen. Dabei werden die f\u00fcr administrative, rechtliche oder sicherheitstechnische Zwecke gespeicherten Daten nicht ber\u00fccksichtigt.<\/p>\n<h2>Die \u00dcbermittlung Ihrer personenbezogenen Daten<\/h2>\n<p>Besucherkommentare k\u00f6nnen \u00fcber einen automatischen Spam-Erkennungsdienst \u00fcberpr\u00fcft werden.<\/p>\n<h2>Kontaktinformationen<\/h2>\n<h2>Zus\u00e4tzliche Informationen<\/h2>\n<h3>Wie wir Ihre Daten sch\u00fctzen<\/h3>\n<h3>Im Falle von Datenverlust implementierte Verfahren<\/h3>\n<h3>Dritte, die uns Dienstleistungen anbieten. Daten<\/h3>\n<h3>Automatisierte Marketing- und\/oder Profilerstellung unter Verwendung personenbezogener Daten<\/h3>\n<h3>Anzeige von Informationen \u00fcber Branchen, die besonderen Vorschriften unterliegen<\/h3>\n","protected":false},"excerpt":{"rendered":"<p>Wer wir sind ? Die Adresse unserer Website lautet: http:\/\/www.camping-europe-murol.com. Verwendung der gesammelten personenbezogenen Daten Kommentare Wenn Sie einen Kommentar auf unserer Website hinterlassen, werden die im Kommentarformular eingegebenen Daten, aber auch Ihre IP-Adresse und der User Agent Ihres Browsers erfasst, um uns zu helfen, unerw\u00fcnschte Kommentare zu erkennen. Eine anonyme Zeichenkette, die aus Ihrer [&hellip;]<\/p>\n","protected":false},"author":1,"featured_media":0,"parent":0,"menu_order":0,"comment_status":"closed","ping_status":"closed","template":"","meta":{"_acf_changed":false,"footnotes":""},"class_list":["post-3409","page","type-page","status-publish","hentry"],"yoast_head":"<!-- This site is optimized with the Yoast SEO plugin v25.3 - https:\/\/yoast.com\/wordpress\/plugins\/seo\/ -->\n<title>Datenschutzerkl\u00e4rung - Camping l&#039;Europe<\/title>\n<meta name=\"robots\" content=\"noindex, nofollow\" \/>\n<meta property=\"og:locale\" content=\"de_DE\" \/>\n<meta property=\"og:type\" content=\"article\" \/>\n<meta property=\"og:title\" content=\"Datenschutzerkl\u00e4rung - Camping l&#039;Europe\" \/>\n<meta property=\"og:description\" content=\"Wer wir sind ? Die Adresse unserer Website lautet: http:\/\/www.camping-europe-murol.com. Verwendung der gesammelten personenbezogenen Daten Kommentare Wenn Sie einen Kommentar auf unserer Website hinterlassen, werden die im Kommentarformular eingegebenen Daten, aber auch Ihre IP-Adresse und der User Agent Ihres Browsers erfasst, um uns zu helfen, unerw\u00fcnschte Kommentare zu erkennen. Eine anonyme Zeichenkette, die aus Ihrer [&hellip;]\" \/>\n<meta property=\"og:url\" content=\"https:\/\/www.camping-europe-murol.com\/de\/datenschutzerklarung\/\" \/>\n<meta property=\"og:site_name\" content=\"Camping l&#039;Europe\" \/>\n<meta property=\"article:modified_time\" content=\"2019-11-13T09:14:00+00:00\" \/>\n<meta name=\"twitter:card\" content=\"summary_large_image\" \/>\n<meta name=\"twitter:label1\" content=\"Gesch\u00e4tzte Lesezeit\" \/>\n\t<meta name=\"twitter:data1\" content=\"3\u00a0Minuten\" \/>\n<script type=\"application\/ld+json\" class=\"yoast-schema-graph\">{\"@context\":\"https:\/\/schema.org\",\"@graph\":[{\"@type\":\"WebPage\",\"@id\":\"https:\/\/www.camping-europe-murol.com\/de\/datenschutzerklarung\/\",\"url\":\"https:\/\/www.camping-europe-murol.com\/de\/datenschutzerklarung\/\",\"name\":\"Datenschutzerkl\u00e4rung - Camping l&#039;Europe\",\"isPartOf\":{\"@id\":\"https:\/\/www.camping-europe-murol.com\/de\/#website\"},\"datePublished\":\"2019-03-13T17:29:47+00:00\",\"dateModified\":\"2019-11-13T09:14:00+00:00\",\"breadcrumb\":{\"@id\":\"https:\/\/www.camping-europe-murol.com\/de\/datenschutzerklarung\/#breadcrumb\"},\"inLanguage\":\"de\",\"potentialAction\":[{\"@type\":\"ReadAction\",\"target\":[\"https:\/\/www.camping-europe-murol.com\/de\/datenschutzerklarung\/\"]}]},{\"@type\":\"BreadcrumbList\",\"@id\":\"https:\/\/www.camping-europe-murol.com\/de\/datenschutzerklarung\/#breadcrumb\",\"itemListElement\":[{\"@type\":\"ListItem\",\"position\":1,\"name\":\"Campingplatz Auvergne\",\"item\":\"https:\/\/www.camping-europe-murol.com\/de\/\"},{\"@type\":\"ListItem\",\"position\":2,\"name\":\"Datenschutzerkl\u00e4rung\"}]},{\"@type\":\"WebSite\",\"@id\":\"https:\/\/www.camping-europe-murol.com\/de\/#website\",\"url\":\"https:\/\/www.camping-europe-murol.com\/de\/\",\"name\":\"Camping l&#039;Europe\",\"description\":\"\",\"potentialAction\":[{\"@type\":\"SearchAction\",\"target\":{\"@type\":\"EntryPoint\",\"urlTemplate\":\"https:\/\/www.camping-europe-murol.com\/de\/?s={search_term_string}\"},\"query-input\":{\"@type\":\"PropertyValueSpecification\",\"valueRequired\":true,\"valueName\":\"search_term_string\"}}],\"inLanguage\":\"de\"}]}<\/script>\n<!-- \/ Yoast SEO plugin. -->","yoast_head_json":{"title":"Datenschutzerkl\u00e4rung - Camping l&#039;Europe","robots":{"index":"noindex","follow":"nofollow"},"og_locale":"de_DE","og_type":"article","og_title":"Datenschutzerkl\u00e4rung - Camping l&#039;Europe","og_description":"Wer wir sind ? Die Adresse unserer Website lautet: http:\/\/www.camping-europe-murol.com. Verwendung der gesammelten personenbezogenen Daten Kommentare Wenn Sie einen Kommentar auf unserer Website hinterlassen, werden die im Kommentarformular eingegebenen Daten, aber auch Ihre IP-Adresse und der User Agent Ihres Browsers erfasst, um uns zu helfen, unerw\u00fcnschte Kommentare zu erkennen. Eine anonyme Zeichenkette, die aus Ihrer [&hellip;]","og_url":"https:\/\/www.camping-europe-murol.com\/de\/datenschutzerklarung\/","og_site_name":"Camping l&#039;Europe","article_modified_time":"2019-11-13T09:14:00+00:00","twitter_card":"summary_large_image","twitter_misc":{"Gesch\u00e4tzte Lesezeit":"3\u00a0Minuten"},"schema":{"@context":"https:\/\/schema.org","@graph":[{"@type":"WebPage","@id":"https:\/\/www.camping-europe-murol.com\/de\/datenschutzerklarung\/","url":"https:\/\/www.camping-europe-murol.com\/de\/datenschutzerklarung\/","name":"Datenschutzerkl\u00e4rung - Camping l&#039;Europe","isPartOf":{"@id":"https:\/\/www.camping-europe-murol.com\/de\/#website"},"datePublished":"2019-03-13T17:29:47+00:00","dateModified":"2019-11-13T09:14:00+00:00","breadcrumb":{"@id":"https:\/\/www.camping-europe-murol.com\/de\/datenschutzerklarung\/#breadcrumb"},"inLanguage":"de","potentialAction":[{"@type":"ReadAction","target":["https:\/\/www.camping-europe-murol.com\/de\/datenschutzerklarung\/"]}]},{"@type":"BreadcrumbList","@id":"https:\/\/www.camping-europe-murol.com\/de\/datenschutzerklarung\/#breadcrumb","itemListElement":[{"@type":"ListItem","position":1,"name":"Campingplatz Auvergne","item":"https:\/\/www.camping-europe-murol.com\/de\/"},{"@type":"ListItem","position":2,"name":"Datenschutzerkl\u00e4rung"}]},{"@type":"WebSite","@id":"https:\/\/www.camping-europe-murol.com\/de\/#website","url":"https:\/\/www.camping-europe-murol.com\/de\/","name":"Camping l&#039;Europe","description":"","potentialAction":[{"@type":"SearchAction","target":{"@type":"EntryPoint","urlTemplate":"https:\/\/www.camping-europe-murol.com\/de\/?s={search_term_string}"},"query-input":{"@type":"PropertyValueSpecification","valueRequired":true,"valueName":"search_term_string"}}],"inLanguage":"de"}]}},"acf":[],"_links":{"self":[{"href":"https:\/\/www.camping-europe-murol.com\/de\/wp-json\/wp\/v2\/pages\/3409"}],"collection":[{"href":"https:\/\/www.camping-europe-murol.com\/de\/wp-json\/wp\/v2\/pages"}],"about":[{"href":"https:\/\/www.camping-europe-murol.com\/de\/wp-json\/wp\/v2\/types\/page"}],"author":[{"embeddable":true,"href":"https:\/\/www.camping-europe-murol.com\/de\/wp-json\/wp\/v2\/users\/1"}],"replies":[{"embeddable":true,"href":"https:\/\/www.camping-europe-murol.com\/de\/wp-json\/wp\/v2\/comments?post=3409"}],"version-history":[{"count":7,"href":"https:\/\/www.camping-europe-murol.com\/de\/wp-json\/wp\/v2\/pages\/3409\/revisions"}],"predecessor-version":[{"id":4111,"href":"https:\/\/www.camping-europe-murol.com\/de\/wp-json\/wp\/v2\/pages\/3409\/revisions\/4111"}],"wp:attachment":[{"href":"https:\/\/www.camping-europe-murol.com\/de\/wp-json\/wp\/v2\/media?parent=3409"}],"curies":[{"name":"wp","href":"https:\/\/api.w.org\/{rel}","templated":true}]}}