{"id":2144,"date":"2019-02-08T09:03:25","date_gmt":"2019-02-08T08:03:25","guid":{"rendered":"http:\/\/www.camping-europe-murol.com\/murol\/"},"modified":"2023-08-10T14:07:12","modified_gmt":"2023-08-10T12:07:12","slug":"murol","status":"publish","type":"page","link":"https:\/\/www.camping-europe-murol.com\/es\/murol\/","title":{"rendered":"Murol"},"content":{"rendered":"","protected":false},"excerpt":{"rendered":"","protected":false},"author":1,"featured_media":2002,"parent":0,"menu_order":0,"comment_status":"closed","ping_status":"closed","template":"","meta":{"_acf_changed":false,"footnotes":""},"class_list":["post-2144","page","type-page","status-publish","has-post-thumbnail","hentry"],"yoast_head":"<!-- This site is optimized with the Yoast SEO plugin v25.3 - https:\/\/yoast.com\/wordpress\/plugins\/seo\/ -->\n<title>Camping Murol | Alquiler de casa m\u00f3vil en Murol en Auvernia<\/title>\n<meta name=\"description\" content=\"Conozca todo sobre los lugares de visita obligada durante una visita a Murol. Buenos consejos, qu\u00e9 hacer en Murol, m\u00e1s informaci\u00f3n.\" \/>\n<meta name=\"robots\" content=\"index, follow, max-snippet:-1, max-image-preview:large, max-video-preview:-1\" \/>\n<link rel=\"canonical\" href=\"https:\/\/www.camping-europe-murol.com\/es\/murol\/\" \/>\n<meta property=\"og:locale\" content=\"es_ES\" \/>\n<meta property=\"og:type\" content=\"article\" \/>\n<meta property=\"og:title\" content=\"Camping Murol | Alquiler de casa m\u00f3vil en Murol en Auvernia\" \/>\n<meta property=\"og:description\" content=\"Conozca todo sobre los lugares de visita obligada durante una visita a Murol. Buenos consejos, qu\u00e9 hacer en Murol, m\u00e1s informaci\u00f3n.\" \/>\n<meta property=\"og:url\" content=\"https:\/\/www.camping-europe-murol.com\/es\/murol\/\" \/>\n<meta property=\"og:site_name\" content=\"Camping l&#039;Europe\" \/>\n<meta property=\"article:modified_time\" content=\"2023-08-10T12:07:12+00:00\" \/>\n<meta property=\"og:image\" content=\"https:\/\/www.camping-europe-murol.com\/wp-content\/uploads\/2019\/01\/location-mobil-home-camping-murol.jpg\" \/>\n\t<meta property=\"og:image:width\" content=\"1500\" \/>\n\t<meta property=\"og:image:height\" content=\"350\" \/>\n\t<meta property=\"og:image:type\" content=\"image\/jpeg\" \/>\n<meta name=\"twitter:card\" content=\"summary_large_image\" \/>\n<script type=\"application\/ld+json\" class=\"yoast-schema-graph\">{\"@context\":\"https:\/\/schema.org\",\"@graph\":[{\"@type\":\"WebPage\",\"@id\":\"https:\/\/www.camping-europe-murol.com\/es\/murol\/\",\"url\":\"https:\/\/www.camping-europe-murol.com\/es\/murol\/\",\"name\":\"Camping Murol | Alquiler de casa m\u00f3vil en Murol en Auvernia\",\"isPartOf\":{\"@id\":\"https:\/\/www.camping-europe-murol.com\/es\/#website\"},\"primaryImageOfPage\":{\"@id\":\"https:\/\/www.camping-europe-murol.com\/es\/murol\/#primaryimage\"},\"image\":{\"@id\":\"https:\/\/www.camping-europe-murol.com\/es\/murol\/#primaryimage\"},\"thumbnailUrl\":\"https:\/\/www.camping-europe-murol.com\/wp-content\/uploads\/2019\/01\/location-mobil-home-camping-murol.jpg\",\"datePublished\":\"2019-02-08T08:03:25+00:00\",\"dateModified\":\"2023-08-10T12:07:12+00:00\",\"description\":\"Conozca todo sobre los lugares de visita obligada durante una visita a Murol. Buenos consejos, qu\u00e9 hacer en Murol, m\u00e1s informaci\u00f3n.\",\"breadcrumb\":{\"@id\":\"https:\/\/www.camping-europe-murol.com\/es\/murol\/#breadcrumb\"},\"inLanguage\":\"es\",\"potentialAction\":[{\"@type\":\"ReadAction\",\"target\":[\"https:\/\/www.camping-europe-murol.com\/es\/murol\/\"]}]},{\"@type\":\"ImageObject\",\"inLanguage\":\"es\",\"@id\":\"https:\/\/www.camping-europe-murol.com\/es\/murol\/#primaryimage\",\"url\":\"https:\/\/www.camping-europe-murol.com\/wp-content\/uploads\/2019\/01\/location-mobil-home-camping-murol.jpg\",\"contentUrl\":\"https:\/\/www.camping-europe-murol.com\/wp-content\/uploads\/2019\/01\/location-mobil-home-camping-murol.jpg\",\"width\":1500,\"height\":350,\"caption\":\"location mobil home camping murol\"},{\"@type\":\"BreadcrumbList\",\"@id\":\"https:\/\/www.camping-europe-murol.com\/es\/murol\/#breadcrumb\",\"itemListElement\":[{\"@type\":\"ListItem\",\"position\":1,\"name\":\"Camping Auvernia\",\"item\":\"https:\/\/www.camping-europe-murol.com\/es\/\"},{\"@type\":\"ListItem\",\"position\":2,\"name\":\"Vacaciones en Murol en Auvernia\"}]},{\"@type\":\"WebSite\",\"@id\":\"https:\/\/www.camping-europe-murol.com\/es\/#website\",\"url\":\"https:\/\/www.camping-europe-murol.com\/es\/\",\"name\":\"Camping l&#039;Europe\",\"description\":\"\",\"potentialAction\":[{\"@type\":\"SearchAction\",\"target\":{\"@type\":\"EntryPoint\",\"urlTemplate\":\"https:\/\/www.camping-europe-murol.com\/es\/?s={search_term_string}\"},\"query-input\":{\"@type\":\"PropertyValueSpecification\",\"valueRequired\":true,\"valueName\":\"search_term_string\"}}],\"inLanguage\":\"es\"}]}<\/script>\n<!-- \/ Yoast SEO plugin. -->","yoast_head_json":{"title":"Camping Murol | Alquiler de casa m\u00f3vil en Murol en Auvernia","description":"Conozca todo sobre los lugares de visita obligada durante una visita a Murol. Buenos consejos, qu\u00e9 hacer en Murol, m\u00e1s informaci\u00f3n.","robots":{"index":"index","follow":"follow","max-snippet":"max-snippet:-1","max-image-preview":"max-image-preview:large","max-video-preview":"max-video-preview:-1"},"canonical":"https:\/\/www.camping-europe-murol.com\/es\/murol\/","og_locale":"es_ES","og_type":"article","og_title":"Camping Murol | Alquiler de casa m\u00f3vil en Murol en Auvernia","og_description":"Conozca todo sobre los lugares de visita obligada durante una visita a Murol. Buenos consejos, qu\u00e9 hacer en Murol, m\u00e1s informaci\u00f3n.","og_url":"https:\/\/www.camping-europe-murol.com\/es\/murol\/","og_site_name":"Camping l&#039;Europe","article_modified_time":"2023-08-10T12:07:12+00:00","og_image":[{"width":1500,"height":350,"url":"https:\/\/www.camping-europe-murol.com\/wp-content\/uploads\/2019\/01\/location-mobil-home-camping-murol.jpg","type":"image\/jpeg"}],"twitter_card":"summary_large_image","schema":{"@context":"https:\/\/schema.org","@graph":[{"@type":"WebPage","@id":"https:\/\/www.camping-europe-murol.com\/es\/murol\/","url":"https:\/\/www.camping-europe-murol.com\/es\/murol\/","name":"Camping Murol | Alquiler de casa m\u00f3vil en Murol en Auvernia","isPartOf":{"@id":"https:\/\/www.camping-europe-murol.com\/es\/#website"},"primaryImageOfPage":{"@id":"https:\/\/www.camping-europe-murol.com\/es\/murol\/#primaryimage"},"image":{"@id":"https:\/\/www.camping-europe-murol.com\/es\/murol\/#primaryimage"},"thumbnailUrl":"https:\/\/www.camping-europe-murol.com\/wp-content\/uploads\/2019\/01\/location-mobil-home-camping-murol.jpg","datePublished":"2019-02-08T08:03:25+00:00","dateModified":"2023-08-10T12:07:12+00:00","description":"Conozca todo sobre los lugares de visita obligada durante una visita a Murol. Buenos consejos, qu\u00e9 hacer en Murol, m\u00e1s informaci\u00f3n.","breadcrumb":{"@id":"https:\/\/www.camping-europe-murol.com\/es\/murol\/#breadcrumb"},"inLanguage":"es","potentialAction":[{"@type":"ReadAction","target":["https:\/\/www.camping-europe-murol.com\/es\/murol\/"]}]},{"@type":"ImageObject","inLanguage":"es","@id":"https:\/\/www.camping-europe-murol.com\/es\/murol\/#primaryimage","url":"https:\/\/www.camping-europe-murol.com\/wp-content\/uploads\/2019\/01\/location-mobil-home-camping-murol.jpg","contentUrl":"https:\/\/www.camping-europe-murol.com\/wp-content\/uploads\/2019\/01\/location-mobil-home-camping-murol.jpg","width":1500,"height":350,"caption":"location mobil home camping murol"},{"@type":"BreadcrumbList","@id":"https:\/\/www.camping-europe-murol.com\/es\/murol\/#breadcrumb","itemListElement":[{"@type":"ListItem","position":1,"name":"Camping Auvernia","item":"https:\/\/www.camping-europe-murol.com\/es\/"},{"@type":"ListItem","position":2,"name":"Vacaciones en Murol en Auvernia"}]},{"@type":"WebSite","@id":"https:\/\/www.camping-europe-murol.com\/es\/#website","url":"https:\/\/www.camping-europe-murol.com\/es\/","name":"Camping l&#039;Europe","description":"","potentialAction":[{"@type":"SearchAction","target":{"@type":"EntryPoint","urlTemplate":"https:\/\/www.camping-europe-murol.com\/es\/?s={search_term_string}"},"query-input":{"@type":"PropertyValueSpecification","valueRequired":true,"valueName":"search_term_string"}}],"inLanguage":"es"}]}},"acf":[],"_links":{"self":[{"href":"https:\/\/www.camping-europe-murol.com\/es\/wp-json\/wp\/v2\/pages\/2144"}],"collection":[{"href":"https:\/\/www.camping-europe-murol.com\/es\/wp-json\/wp\/v2\/pages"}],"about":[{"href":"https:\/\/www.camping-europe-murol.com\/es\/wp-json\/wp\/v2\/types\/page"}],"author":[{"embeddable":true,"href":"https:\/\/www.camping-europe-murol.com\/es\/wp-json\/wp\/v2\/users\/1"}],"replies":[{"embeddable":true,"href":"https:\/\/www.camping-europe-murol.com\/es\/wp-json\/wp\/v2\/comments?post=2144"}],"version-history":[{"count":4,"href":"https:\/\/www.camping-europe-murol.com\/es\/wp-json\/wp\/v2\/pages\/2144\/revisions"}],"predecessor-version":[{"id":5583,"href":"https:\/\/www.camping-europe-murol.com\/es\/wp-json\/wp\/v2\/pages\/2144\/revisions\/5583"}],"wp:featuredmedia":[{"embeddable":true,"href":"https:\/\/www.camping-europe-murol.com\/es\/wp-json\/wp\/v2\/media\/2002"}],"wp:attachment":[{"href":"https:\/\/www.camping-europe-murol.com\/es\/wp-json\/wp\/v2\/media?parent=2144"}],"curies":[{"name":"wp","href":"https:\/\/api.w.org\/{rel}","templated":true}]}}