{"id":2599,"date":"2019-02-11T09:54:44","date_gmt":"2019-02-11T08:54:44","guid":{"rendered":"http:\/\/www.camping-europe-murol.com\/camping-pas-cher-auvergne\/"},"modified":"2021-01-28T16:24:37","modified_gmt":"2021-01-28T15:24:37","slug":"camping-barato-en-auvernia","status":"publish","type":"page","link":"https:\/\/www.camping-europe-murol.com\/es\/camping-barato-en-auvernia\/","title":{"rendered":"Buenos consejos y noticias"},"content":{"rendered":"","protected":false},"excerpt":{"rendered":"","protected":false},"author":1,"featured_media":7213,"parent":0,"menu_order":0,"comment_status":"closed","ping_status":"closed","template":"","meta":{"_acf_changed":false,"footnotes":""},"class_list":["post-2599","page","type-page","status-publish","has-post-thumbnail","hentry"],"yoast_head":"<!-- This site is optimized with the Yoast SEO plugin v25.3 - https:\/\/yoast.com\/wordpress\/plugins\/seo\/ -->\n<title>Camping Auvernia barato: ofertas especiales, promociones, precios reducidos<\/title>\n<meta name=\"description\" content=\"\u00bfEst\u00e1 buscando un camping barato en Auvernia? Nuestro camping le ofrece tarifas reducidas para unas vacaciones econ\u00f3micas, as\u00ed que \u00a1disfr\u00fatelo!\" \/>\n<meta name=\"robots\" content=\"index, follow, max-snippet:-1, max-image-preview:large, max-video-preview:-1\" \/>\n<link rel=\"canonical\" href=\"https:\/\/www.camping-europe-murol.com\/es\/camping-barato-en-auvernia\/\" \/>\n<meta property=\"og:locale\" content=\"es_ES\" \/>\n<meta property=\"og:type\" content=\"article\" \/>\n<meta property=\"og:title\" content=\"Camping Auvernia barato: ofertas especiales, promociones, precios reducidos\" \/>\n<meta property=\"og:description\" content=\"\u00bfEst\u00e1 buscando un camping barato en Auvernia? Nuestro camping le ofrece tarifas reducidas para unas vacaciones econ\u00f3micas, as\u00ed que \u00a1disfr\u00fatelo!\" \/>\n<meta property=\"og:url\" content=\"https:\/\/www.camping-europe-murol.com\/es\/camping-barato-en-auvernia\/\" \/>\n<meta property=\"og:site_name\" content=\"Camping l&#039;Europe\" \/>\n<meta property=\"article:modified_time\" content=\"2021-01-28T15:24:37+00:00\" \/>\n<meta property=\"og:image\" content=\"https:\/\/www.camping-europe-murol.com\/wp-content\/uploads\/2019\/01\/location-emplacements-camping-Europe-Auvergne.jpg\" \/>\n\t<meta property=\"og:image:width\" content=\"1500\" \/>\n\t<meta property=\"og:image:height\" content=\"350\" \/>\n\t<meta property=\"og:image:type\" content=\"image\/jpeg\" \/>\n<meta name=\"twitter:card\" content=\"summary_large_image\" \/>\n<script type=\"application\/ld+json\" class=\"yoast-schema-graph\">{\"@context\":\"https:\/\/schema.org\",\"@graph\":[{\"@type\":\"WebPage\",\"@id\":\"https:\/\/www.camping-europe-murol.com\/es\/camping-barato-en-auvernia\/\",\"url\":\"https:\/\/www.camping-europe-murol.com\/es\/camping-barato-en-auvernia\/\",\"name\":\"Camping Auvernia barato: ofertas especiales, promociones, precios reducidos\",\"isPartOf\":{\"@id\":\"https:\/\/www.camping-europe-murol.com\/es\/#website\"},\"primaryImageOfPage\":{\"@id\":\"https:\/\/www.camping-europe-murol.com\/es\/camping-barato-en-auvernia\/#primaryimage\"},\"image\":{\"@id\":\"https:\/\/www.camping-europe-murol.com\/es\/camping-barato-en-auvernia\/#primaryimage\"},\"thumbnailUrl\":\"https:\/\/www.camping-europe-murol.com\/wp-content\/uploads\/2025\/12\/bandeau-camping-ciel.jpg\",\"datePublished\":\"2019-02-11T08:54:44+00:00\",\"dateModified\":\"2021-01-28T15:24:37+00:00\",\"description\":\"\u00bfEst\u00e1 buscando un camping barato en Auvernia? Nuestro camping le ofrece tarifas reducidas para unas vacaciones econ\u00f3micas, as\u00ed que \u00a1disfr\u00fatelo!\",\"breadcrumb\":{\"@id\":\"https:\/\/www.camping-europe-murol.com\/es\/camping-barato-en-auvernia\/#breadcrumb\"},\"inLanguage\":\"es\",\"potentialAction\":[{\"@type\":\"ReadAction\",\"target\":[\"https:\/\/www.camping-europe-murol.com\/es\/camping-barato-en-auvernia\/\"]}]},{\"@type\":\"ImageObject\",\"inLanguage\":\"es\",\"@id\":\"https:\/\/www.camping-europe-murol.com\/es\/camping-barato-en-auvernia\/#primaryimage\",\"url\":\"https:\/\/www.camping-europe-murol.com\/wp-content\/uploads\/2025\/12\/bandeau-camping-ciel.jpg\",\"contentUrl\":\"https:\/\/www.camping-europe-murol.com\/wp-content\/uploads\/2025\/12\/bandeau-camping-ciel.jpg\",\"width\":1600,\"height\":318},{\"@type\":\"BreadcrumbList\",\"@id\":\"https:\/\/www.camping-europe-murol.com\/es\/camping-barato-en-auvernia\/#breadcrumb\",\"itemListElement\":[{\"@type\":\"ListItem\",\"position\":1,\"name\":\"Camping Auvernia\",\"item\":\"https:\/\/www.camping-europe-murol.com\/es\/\"},{\"@type\":\"ListItem\",\"position\":2,\"name\":\"camping barato Auvernia\"}]},{\"@type\":\"WebSite\",\"@id\":\"https:\/\/www.camping-europe-murol.com\/es\/#website\",\"url\":\"https:\/\/www.camping-europe-murol.com\/es\/\",\"name\":\"Camping l&#039;Europe\",\"description\":\"\",\"potentialAction\":[{\"@type\":\"SearchAction\",\"target\":{\"@type\":\"EntryPoint\",\"urlTemplate\":\"https:\/\/www.camping-europe-murol.com\/es\/?s={search_term_string}\"},\"query-input\":{\"@type\":\"PropertyValueSpecification\",\"valueRequired\":true,\"valueName\":\"search_term_string\"}}],\"inLanguage\":\"es\"}]}<\/script>\n<!-- \/ Yoast SEO plugin. -->","yoast_head_json":{"title":"Camping Auvernia barato: ofertas especiales, promociones, precios reducidos","description":"\u00bfEst\u00e1 buscando un camping barato en Auvernia? Nuestro camping le ofrece tarifas reducidas para unas vacaciones econ\u00f3micas, as\u00ed que \u00a1disfr\u00fatelo!","robots":{"index":"index","follow":"follow","max-snippet":"max-snippet:-1","max-image-preview":"max-image-preview:large","max-video-preview":"max-video-preview:-1"},"canonical":"https:\/\/www.camping-europe-murol.com\/es\/camping-barato-en-auvernia\/","og_locale":"es_ES","og_type":"article","og_title":"Camping Auvernia barato: ofertas especiales, promociones, precios reducidos","og_description":"\u00bfEst\u00e1 buscando un camping barato en Auvernia? Nuestro camping le ofrece tarifas reducidas para unas vacaciones econ\u00f3micas, as\u00ed que \u00a1disfr\u00fatelo!","og_url":"https:\/\/www.camping-europe-murol.com\/es\/camping-barato-en-auvernia\/","og_site_name":"Camping l&#039;Europe","article_modified_time":"2021-01-28T15:24:37+00:00","og_image":[{"width":1500,"height":350,"url":"https:\/\/www.camping-europe-murol.com\/wp-content\/uploads\/2019\/01\/location-emplacements-camping-Europe-Auvergne.jpg","type":"image\/jpeg"}],"twitter_card":"summary_large_image","schema":{"@context":"https:\/\/schema.org","@graph":[{"@type":"WebPage","@id":"https:\/\/www.camping-europe-murol.com\/es\/camping-barato-en-auvernia\/","url":"https:\/\/www.camping-europe-murol.com\/es\/camping-barato-en-auvernia\/","name":"Camping Auvernia barato: ofertas especiales, promociones, precios reducidos","isPartOf":{"@id":"https:\/\/www.camping-europe-murol.com\/es\/#website"},"primaryImageOfPage":{"@id":"https:\/\/www.camping-europe-murol.com\/es\/camping-barato-en-auvernia\/#primaryimage"},"image":{"@id":"https:\/\/www.camping-europe-murol.com\/es\/camping-barato-en-auvernia\/#primaryimage"},"thumbnailUrl":"https:\/\/www.camping-europe-murol.com\/wp-content\/uploads\/2025\/12\/bandeau-camping-ciel.jpg","datePublished":"2019-02-11T08:54:44+00:00","dateModified":"2021-01-28T15:24:37+00:00","description":"\u00bfEst\u00e1 buscando un camping barato en Auvernia? Nuestro camping le ofrece tarifas reducidas para unas vacaciones econ\u00f3micas, as\u00ed que \u00a1disfr\u00fatelo!","breadcrumb":{"@id":"https:\/\/www.camping-europe-murol.com\/es\/camping-barato-en-auvernia\/#breadcrumb"},"inLanguage":"es","potentialAction":[{"@type":"ReadAction","target":["https:\/\/www.camping-europe-murol.com\/es\/camping-barato-en-auvernia\/"]}]},{"@type":"ImageObject","inLanguage":"es","@id":"https:\/\/www.camping-europe-murol.com\/es\/camping-barato-en-auvernia\/#primaryimage","url":"https:\/\/www.camping-europe-murol.com\/wp-content\/uploads\/2025\/12\/bandeau-camping-ciel.jpg","contentUrl":"https:\/\/www.camping-europe-murol.com\/wp-content\/uploads\/2025\/12\/bandeau-camping-ciel.jpg","width":1600,"height":318},{"@type":"BreadcrumbList","@id":"https:\/\/www.camping-europe-murol.com\/es\/camping-barato-en-auvernia\/#breadcrumb","itemListElement":[{"@type":"ListItem","position":1,"name":"Camping Auvernia","item":"https:\/\/www.camping-europe-murol.com\/es\/"},{"@type":"ListItem","position":2,"name":"camping barato Auvernia"}]},{"@type":"WebSite","@id":"https:\/\/www.camping-europe-murol.com\/es\/#website","url":"https:\/\/www.camping-europe-murol.com\/es\/","name":"Camping l&#039;Europe","description":"","potentialAction":[{"@type":"SearchAction","target":{"@type":"EntryPoint","urlTemplate":"https:\/\/www.camping-europe-murol.com\/es\/?s={search_term_string}"},"query-input":{"@type":"PropertyValueSpecification","valueRequired":true,"valueName":"search_term_string"}}],"inLanguage":"es"}]}},"acf":[],"_links":{"self":[{"href":"https:\/\/www.camping-europe-murol.com\/es\/wp-json\/wp\/v2\/pages\/2599"}],"collection":[{"href":"https:\/\/www.camping-europe-murol.com\/es\/wp-json\/wp\/v2\/pages"}],"about":[{"href":"https:\/\/www.camping-europe-murol.com\/es\/wp-json\/wp\/v2\/types\/page"}],"author":[{"embeddable":true,"href":"https:\/\/www.camping-europe-murol.com\/es\/wp-json\/wp\/v2\/users\/1"}],"replies":[{"embeddable":true,"href":"https:\/\/www.camping-europe-murol.com\/es\/wp-json\/wp\/v2\/comments?post=2599"}],"version-history":[{"count":9,"href":"https:\/\/www.camping-europe-murol.com\/es\/wp-json\/wp\/v2\/pages\/2599\/revisions"}],"predecessor-version":[{"id":4869,"href":"https:\/\/www.camping-europe-murol.com\/es\/wp-json\/wp\/v2\/pages\/2599\/revisions\/4869"}],"wp:featuredmedia":[{"embeddable":true,"href":"https:\/\/www.camping-europe-murol.com\/es\/wp-json\/wp\/v2\/media\/7213"}],"wp:attachment":[{"href":"https:\/\/www.camping-europe-murol.com\/es\/wp-json\/wp\/v2\/media?parent=2599"}],"curies":[{"name":"wp","href":"https:\/\/api.w.org\/{rel}","templated":true}]}}